{"id":817,"date":"2015-09-14T11:22:15","date_gmt":"2015-09-14T06:22:15","guid":{"rendered":"http:\/\/dentall.stylemixthemes.com\/demo\/?page_id=817"},"modified":"2020-08-18T18:49:00","modified_gmt":"2020-08-18T18:49:00","slug":"digital-dentistry","status":"publish","type":"page","link":"https:\/\/batidentalclinic.com\/nb\/digital-dentistry\/","title":{"rendered":"Digital Tannlege"},"content":{"rendered":"<p>[vc_row][vc_column offset=&#8221;vc_col-lg-9 vc_col-md-9&#8243;][vc_column_text]<strong>Digital Tannlege<\/strong><\/p>\n<p>Bati Dental Clinic er stolte av \u00e5 bruke den mest avanserte tannteknologien for \u00e5 gj\u00f8re behandlingen raskere, bedre og mer komfortabelt for pasienter. Digital tannbehandling gir ett bedre resultat for tannbehandling.<\/p>\n<p><strong>CAD\/CAM stands for Computer-aided Design and Computer-aided Manufacturing. <\/strong><\/p>\n<ul>\n<li><strong>3Shape Intraoral Scanner:<\/strong>: I tillegg til at det er mer behagelig enn gammeldags tanninntrykk stil for pasienter, med 3D-skanner oppn\u00e5r vi langt h\u00f8yere kvalitet og mer n\u00f8yaktige resultater.<\/li>\n<li><strong>IDC LAB Scanner<\/strong>: et solid CAD\/CAM-sistem som kombinerer skanning med utforming  programvare<\/li>\n<li><strong>3D Printing System NextDent<\/strong>: 3D-skriver maskin p\u00e5virker produksjon av modeller (kjeveortopedisk \/ protesodontisk), kirurgiske guider, proteser, usynnlige skinner fra invisalign, kroner og broer med forbedret hastighet, presisjon og effektivitet.<\/li>\n<li><strong>IDC Dental Milling Machine<\/strong>: er siste produsering delen til CAD\/CAM-sistemet. Den brukes til \u00e5 produsere hel eller delvis tannrestaurering basert p\u00e5 digital design. Med denne maskinen kan alle kroner, broer, innlegg og tann p\u00e5legg produseres<\/li>\n<\/ul>\n<p><strong>Fordelene med det digitale systemet<\/strong><\/p>\n<ol>\n<li>Kortere behandlingstid<\/li>\n<li>F\u00e6rre sannsynlighet for feil<\/li>\n<li>Estetisk og naturlig utseende<\/li>\n<li>Mer behagelig m\u00e5ling<\/li>\n<\/ol>\n<p>[\/vc_column_text][vc_media_grid element_width=&#8221;3&#8243; grid_id=&#8221;vc_gid:1597776513561-a4b28a51-0969-1&#8243; include=&#8221;1689,1688,1687,1686&#8243;][\/vc_column][vc_column width=&#8221;1\/4&#8243; offset=&#8221;vc_hidden-sm vc_hidden-xs&#8221;][stm_sidebar sidebar=&#8221;700&#8243;][\/vc_column][\/vc_row]<\/p>","protected":false},"excerpt":{"rendered":"<p>[vc_row][vc_column offset=&#8221;vc_col-lg-9 vc_col-md-9&#8243;][vc_column_text]Digital Dentistry Bati Dental Clinic are proud of using the most advanced dental technology to make treatment faster, better and more comfortable. Digital dentistry makes it better for dental treatments. CAD\/CAM stands for Computer-aided Design and Computer-aided Manufacturing. 3Shape Intraoral Scanner: Beside that it&#8217;s more comfortable than old style dental impression for patient,&#8230;<\/p>","protected":false},"author":1,"featured_media":0,"parent":0,"menu_order":0,"comment_status":"closed","ping_status":"closed","template":"","meta":{"_monsterinsights_skip_tracking":false,"_monsterinsights_sitenote_active":false,"_monsterinsights_sitenote_note":"","_monsterinsights_sitenote_category":0},"yoast_head":"<!-- This site is optimized with the Yoast SEO plugin v20.12 - https:\/\/yoast.com\/wordpress\/plugins\/seo\/ -->\n<title>Digital Dentistry - Bat\u0131 Dental Clinic<\/title>\n<meta name=\"robots\" content=\"index, follow, max-snippet:-1, max-image-preview:large, max-video-preview:-1\" \/>\n<link rel=\"canonical\" href=\"https:\/\/batidentalclinic.com\/nb\/digital-dentistry\/\" \/>\n<meta property=\"og:locale\" content=\"nb_NO\" \/>\n<meta property=\"og:type\" content=\"article\" \/>\n<meta property=\"og:title\" content=\"Digital Dentistry - Bat\u0131 Dental Clinic\" \/>\n<meta property=\"og:description\" content=\"[vc_row][vc_column offset=&#8221;vc_col-lg-9 vc_col-md-9&#8243;][vc_column_text]Digital Dentistry Bati Dental Clinic are proud of using the most advanced dental technology to make treatment faster, better and more comfortable. Digital dentistry makes it better for dental treatments. CAD\/CAM stands for Computer-aided Design and Computer-aided Manufacturing. 3Shape Intraoral Scanner: Beside that it&#8217;s more comfortable than old style dental impression for patient,...\" \/>\n<meta property=\"og:url\" content=\"https:\/\/batidentalclinic.com\/nb\/digital-dentistry\/\" \/>\n<meta property=\"og:site_name\" content=\"Bat\u0131 Dental Clinic\" \/>\n<meta property=\"article:modified_time\" content=\"2020-08-18T18:49:00+00:00\" \/>\n<meta name=\"twitter:card\" content=\"summary_large_image\" \/>\n<meta name=\"twitter:label1\" content=\"Ansl. lesetid\" \/>\n\t<meta name=\"twitter:data1\" content=\"1 minutt\" \/>\n<script type=\"application\/ld+json\" class=\"yoast-schema-graph\">{\"@context\":\"https:\/\/schema.org\",\"@graph\":[{\"@type\":\"WebPage\",\"@id\":\"https:\/\/batidentalclinic.com\/digital-dentistry\/\",\"url\":\"https:\/\/batidentalclinic.com\/digital-dentistry\/\",\"name\":\"Digital Dentistry - Bat\u0131 Dental Clinic\",\"isPartOf\":{\"@id\":\"https:\/\/batidentalclinic.com\/#website\"},\"datePublished\":\"2015-09-14T06:22:15+00:00\",\"dateModified\":\"2020-08-18T18:49:00+00:00\",\"breadcrumb\":{\"@id\":\"https:\/\/batidentalclinic.com\/digital-dentistry\/#breadcrumb\"},\"inLanguage\":\"nb-NO\",\"potentialAction\":[{\"@type\":\"ReadAction\",\"target\":[\"https:\/\/batidentalclinic.com\/digital-dentistry\/\"]}]},{\"@type\":\"BreadcrumbList\",\"@id\":\"https:\/\/batidentalclinic.com\/digital-dentistry\/#breadcrumb\",\"itemListElement\":[{\"@type\":\"ListItem\",\"position\":1,\"name\":\"Home\",\"item\":\"https:\/\/batidentalclinic.com\/\"},{\"@type\":\"ListItem\",\"position\":2,\"name\":\"Digital Dentistry\"}]},{\"@type\":\"WebSite\",\"@id\":\"https:\/\/batidentalclinic.com\/#website\",\"url\":\"https:\/\/batidentalclinic.com\/\",\"name\":\"Bat\u0131 Dental Clinic\",\"description\":\"We care about your health and aesthetic satisfaction\",\"potentialAction\":[{\"@type\":\"SearchAction\",\"target\":{\"@type\":\"EntryPoint\",\"urlTemplate\":\"https:\/\/batidentalclinic.com\/?s={search_term_string}\"},\"query-input\":\"required name=search_term_string\"}],\"inLanguage\":\"nb-NO\"}]}<\/script>\n<!-- \/ Yoast SEO plugin. -->","yoast_head_json":{"title":"Digital Dentistry - Bat\u0131 Dental Clinic","robots":{"index":"index","follow":"follow","max-snippet":"max-snippet:-1","max-image-preview":"max-image-preview:large","max-video-preview":"max-video-preview:-1"},"canonical":"https:\/\/batidentalclinic.com\/nb\/digital-dentistry\/","og_locale":"nb_NO","og_type":"article","og_title":"Digital Dentistry - Bat\u0131 Dental Clinic","og_description":"[vc_row][vc_column offset=&#8221;vc_col-lg-9 vc_col-md-9&#8243;][vc_column_text]Digital Dentistry Bati Dental Clinic are proud of using the most advanced dental technology to make treatment faster, better and more comfortable. Digital dentistry makes it better for dental treatments. CAD\/CAM stands for Computer-aided Design and Computer-aided Manufacturing. 3Shape Intraoral Scanner: Beside that it&#8217;s more comfortable than old style dental impression for patient,...","og_url":"https:\/\/batidentalclinic.com\/nb\/digital-dentistry\/","og_site_name":"Bat\u0131 Dental Clinic","article_modified_time":"2020-08-18T18:49:00+00:00","twitter_card":"summary_large_image","twitter_misc":{"Ansl. lesetid":"1 minutt"},"schema":{"@context":"https:\/\/schema.org","@graph":[{"@type":"WebPage","@id":"https:\/\/batidentalclinic.com\/digital-dentistry\/","url":"https:\/\/batidentalclinic.com\/digital-dentistry\/","name":"Digital Dentistry - Bat\u0131 Dental Clinic","isPartOf":{"@id":"https:\/\/batidentalclinic.com\/#website"},"datePublished":"2015-09-14T06:22:15+00:00","dateModified":"2020-08-18T18:49:00+00:00","breadcrumb":{"@id":"https:\/\/batidentalclinic.com\/digital-dentistry\/#breadcrumb"},"inLanguage":"nb-NO","potentialAction":[{"@type":"ReadAction","target":["https:\/\/batidentalclinic.com\/digital-dentistry\/"]}]},{"@type":"BreadcrumbList","@id":"https:\/\/batidentalclinic.com\/digital-dentistry\/#breadcrumb","itemListElement":[{"@type":"ListItem","position":1,"name":"Home","item":"https:\/\/batidentalclinic.com\/"},{"@type":"ListItem","position":2,"name":"Digital Dentistry"}]},{"@type":"WebSite","@id":"https:\/\/batidentalclinic.com\/#website","url":"https:\/\/batidentalclinic.com\/","name":"Bat\u0131 Dental Clinic","description":"We care about your health and aesthetic satisfaction","potentialAction":[{"@type":"SearchAction","target":{"@type":"EntryPoint","urlTemplate":"https:\/\/batidentalclinic.com\/?s={search_term_string}"},"query-input":"required name=search_term_string"}],"inLanguage":"nb-NO"}]}},"_links":{"self":[{"href":"https:\/\/batidentalclinic.com\/nb\/wp-json\/wp\/v2\/pages\/817"}],"collection":[{"href":"https:\/\/batidentalclinic.com\/nb\/wp-json\/wp\/v2\/pages"}],"about":[{"href":"https:\/\/batidentalclinic.com\/nb\/wp-json\/wp\/v2\/types\/page"}],"author":[{"embeddable":true,"href":"https:\/\/batidentalclinic.com\/nb\/wp-json\/wp\/v2\/users\/1"}],"replies":[{"embeddable":true,"href":"https:\/\/batidentalclinic.com\/nb\/wp-json\/wp\/v2\/comments?post=817"}],"version-history":[{"count":9,"href":"https:\/\/batidentalclinic.com\/nb\/wp-json\/wp\/v2\/pages\/817\/revisions"}],"predecessor-version":[{"id":1696,"href":"https:\/\/batidentalclinic.com\/nb\/wp-json\/wp\/v2\/pages\/817\/revisions\/1696"}],"wp:attachment":[{"href":"https:\/\/batidentalclinic.com\/nb\/wp-json\/wp\/v2\/media?parent=817"}],"curies":[{"name":"wp","href":"https:\/\/api.w.org\/{rel}","templated":true}]}}