{"id":899,"date":"2015-09-17T11:01:45","date_gmt":"2015-09-17T06:01:45","guid":{"rendered":"http:\/\/dentall.stylemixthemes.com\/demo\/?page_id=899"},"modified":"2020-08-21T14:46:28","modified_gmt":"2020-08-21T14:46:28","slug":"contact-us","status":"publish","type":"page","link":"https:\/\/batidentalclinic.com\/fr\/contact-us\/","title":{"rendered":"Nous Contacter"},"content":{"rendered":"<p>[vc_row css=&#8221;.vc_custom_1443297815351{margin-bottom: 20px !important;}&#8221;][vc_column width=&#8221;5\/12&#8243; css=&#8221;.vc_custom_1443298021925{margin-bottom: 30px !important;}&#8221; offset=&#8221;vc_col-lg-4 vc_col-md-4&#8243;][stm_contacts_widget style=&#8221;style_3&#8243; address=&#8221;Dikilita\u015f Mah. Fulya Deresi Sk. 14\/A<br \/>\nBe\u015fikta\u015f\/\u0130stanbul\/Turkey&#8221; email=&#8221;info@batidentalclinic.com&#8221; phone=&#8221;+ 90 535 206 77 53&#8243; hours=&#8221;Mon &#8211; Fri 10.00 &#8211; 20.00<br \/>\nSaturday 10.00 &#8211; 19.00<br \/>\nSunday CLOSED&#8221; title=&#8221;Fulya Branch&#8221;][\/vc_column][vc_column width=&#8221;7\/12&#8243; css=&#8221;.vc_custom_1443298031143{margin-bottom: 30px !important;}&#8221; offset=&#8221;vc_col-lg-8 vc_col-md-8&#8243;][stm_gmap map_zoom=&#8221;13&#8243; lat=&#8221;41.051160&#8243; lng=&#8221;29.003210&#8243;][\/vc_column][\/vc_row][vc_row css=&#8221;.vc_custom_1443297815351{margin-bottom: 20px !important;}&#8221;][vc_column width=&#8221;5\/12&#8243; css=&#8221;.vc_custom_1443298021925{margin-bottom: 30px !important;}&#8221; offset=&#8221;vc_col-lg-4 vc_col-md-4&#8243;][stm_contacts_widget style=&#8221;style_3&#8243; address=&#8221;G\u00fczelyurt Mah. Y\u0131ld\u0131r\u0131m Beyaz\u0131t Cad.<br \/>\nNo:3\/7, 34515 Esenyurt\/\u0130stanbul&#8221; email=&#8221;info@batidentalclinic.com&#8221; phone=&#8221;+ 90 535 206 77 53&#8243; hours=&#8221;Mon &#8211; Fri 10.00 &#8211; 20.00<br \/>\nSaturday 10.00 &#8211; 21.00<br \/>\nSunday CLOSED&#8221; title=&#8221;Beylikduzu Branch&#8221;][\/vc_column][vc_column width=&#8221;7\/12&#8243; css=&#8221;.vc_custom_1443298031143{margin-bottom: 30px !important;}&#8221; offset=&#8221;vc_col-lg-8 vc_col-md-8&#8243;][stm_gmap map_zoom=&#8221;13&#8243; lat=&#8221;41.015040&#8243; lng=&#8221;28.650760&#8243;][\/vc_column][\/vc_row][vc_row][vc_column][vc_custom_heading text=&#8221;Feedback Form&#8221; font_container=&#8221;tag:h3|text_align:left|color:%234c4c4c&#8221; use_theme_fonts=&#8221;yes&#8221; css=&#8221;.vc_custom_1442473402530{margin-bottom: 30px !important;}&#8221;]\n<div class=\"wpcf7 no-js\" id=\"wpcf7-f910-o1\" lang=\"en-US\" dir=\"ltr\">\n<div class=\"screen-reader-response\"><p role=\"status\" aria-live=\"polite\" aria-atomic=\"true\"><\/p> <ul><\/ul><\/div>\n<form action=\"\/fr\/wp-json\/wp\/v2\/pages\/899#wpcf7-f910-o1\" method=\"post\" class=\"wpcf7-form init\" aria-label=\"Contact form\" novalidate=\"novalidate\" data-status=\"init\" data-trp-original-action=\"\/fr\/wp-json\/wp\/v2\/pages\/899#wpcf7-f910-o1\">\n<div style=\"display: none;\">\n<input type=\"hidden\" name=\"_wpcf7\" value=\"910\" \/>\n<input type=\"hidden\" name=\"_wpcf7_version\" value=\"5.7.7\" \/>\n<input type=\"hidden\" name=\"_wpcf7_locale\" value=\"en_US\" \/>\n<input type=\"hidden\" name=\"_wpcf7_unit_tag\" value=\"wpcf7-f910-o1\" \/>\n<input type=\"hidden\" name=\"_wpcf7_container_post\" value=\"0\" \/>\n<input type=\"hidden\" name=\"_wpcf7_posted_data_hash\" value=\"\" \/>\n<\/div>\n<div class=\"row\">\n\t<div class=\"col-lg-5 col-md-5 col-sm-12 col-xs-12\">\n\t\t<div class=\"input-group\">\n\t\t\t<p><span class=\"wpcf7-form-control-wrap\" data-name=\"name1\"><input size=\"40\" class=\"wpcf7-form-control wpcf7-text wpcf7-validates-as-required\" aria-required=\"true\" aria-invalid=\"false\" placeholder=\"Nom\" value=\"\" type=\"text\" name=\"name1\" \/><\/span><span class=\"input-addon\"><i class=\"stm-icon-man\"><\/i><\/span>\n\t\t\t<\/p>\n\t\t<\/div>\n\t\t<div class=\"input-group\">\n\t\t\t<p><span class=\"wpcf7-form-control-wrap\" data-name=\"email\"><input size=\"40\" class=\"wpcf7-form-control wpcf7-text wpcf7-email wpcf7-validates-as-required wpcf7-validates-as-email\" aria-required=\"true\" aria-invalid=\"false\" placeholder=\"Email\" value=\"\" type=\"email\" name=\"email\" \/><\/span><span class=\"input-addon\"><i class=\"fa fa-envelope-o\"><\/i><\/span>\n\t\t\t<\/p>\n\t\t<\/div>\n\t<\/div>\n\t<div class=\"col-lg-7 col-md-7 col-sm-12 col-xs-12\">\n\t\t<div class=\"input-group no-bordered\">\n\t\t\t<p><span class=\"wpcf7-form-control-wrap\" data-name=\"message\"><textarea cols=\"40\" rows=\"10\" class=\"wpcf7-form-control wpcf7-textarea wpcf7-validates-as-required feedback\" aria-required=\"true\" aria-invalid=\"false\" placeholder=\"Remarque\" name=\"message\"><\/textarea><\/span>\n\t\t\t<\/p>\n\t\t<\/div>\n\t<\/div>\n<\/div>\n<p>Input this code: <input type=\"hidden\" name=\"_wpcf7_captcha_challenge_captcha-170\" value=\"1256478416\" \/><img class=\"wpcf7-form-control wpcf7-captchac wpcf7-captcha-captcha-170\" width=\"72\" height=\"24\" alt=\"captcha\" src=\"https:\/\/batidentalclinic.com\/wp-content\/uploads\/wpcf7_captcha\/1256478416.png\" \/><span class=\"wpcf7-form-control-wrap\" data-name=\"captcha-170\"><input size=\"4\" maxlength=\"4\" class=\"wpcf7-form-control wpcf7-captchar\" autocomplete=\"off\" aria-invalid=\"false\" value=\"\" type=\"text\" name=\"captcha-170\" \/><\/span><br \/>\n<span class=\"wpcf7-form-control-wrap stmgdpr\"><span class=\"wpcf7-form-control wpcf7-validates-as-required wpcf7-stmgdpr\"><span class=\"wpcf7-list-item\"><input type=\"checkbox\" name=\"stmgdpr\" value=\"1\" aria-required=\"true\" aria-invalid=\"false\" \/><span class=\"wpcf7-list-item-label\">J'accepte que la clinique dentaire Bati utilise mes donn\u00e9es personnelles pour me fournir des informations sur les traitements dentaires.<\/span><\/span><\/span><\/span>\n<\/p>\n<p><input class=\"wpcf7-form-control has-spinner wpcf7-submit button square\" type=\"submit\" value=\"Send\" \/>\n<\/p><p style=\"display: none !important;\"><label>&#916;<textarea name=\"_wpcf7_ak_hp_textarea\" cols=\"45\" rows=\"8\" maxlength=\"100\"><\/textarea><\/label><input type=\"hidden\" id=\"ak_js_1\" name=\"_wpcf7_ak_js\" value=\"139\"\/><script>document.getElementById( \"ak_js_1\" ).setAttribute( \"value\", ( new Date() ).getTime() );<\/script><\/p><div class=\"wpcf7-response-output\" aria-hidden=\"true\"><\/div>\n<input type=\"hidden\" name=\"trp-form-language\" value=\"fr\"\/><\/form>\n<\/div>\n[\/vc_column][\/vc_row]<\/p>","protected":false},"excerpt":{"rendered":"<p>[vc_row css=&#8221;.vc_custom_1443297815351{margin-bottom: 20px !important;}&#8221;][vc_column width=&#8221;5\/12&#8243; css=&#8221;.vc_custom_1443298021925{margin-bottom: 30px !important;}&#8221; offset=&#8221;vc_col-lg-4 vc_col-md-4&#8243;][stm_contacts_widget style=&#8221;style_3&#8243; address=&#8221;Dikilita\u015f Mah. Fulya Deresi Sk. 14\/A Be\u015fikta\u015f\/\u0130stanbul\/Turkey&#8221; email=&#8221;info@batidentalclinic.com&#8221; phone=&#8221;+ 90 535 206 77 53&#8243; hours=&#8221;Mon &#8211; Fri 10.00 &#8211; 20.00 Saturday 10.00 &#8211; 19.00 Sunday CLOSED&#8221; title=&#8221;Fulya Branch&#8221;][\/vc_column][vc_column width=&#8221;7\/12&#8243; css=&#8221;.vc_custom_1443298031143{margin-bottom: 30px !important;}&#8221; offset=&#8221;vc_col-lg-8 vc_col-md-8&#8243;][stm_gmap map_zoom=&#8221;13&#8243; lat=&#8221;41.051160&#8243; lng=&#8221;29.003210&#8243;][\/vc_column][\/vc_row][vc_row css=&#8221;.vc_custom_1443297815351{margin-bottom: 20px !important;}&#8221;][vc_column width=&#8221;5\/12&#8243; css=&#8221;.vc_custom_1443298021925{margin-bottom: 30px !important;}&#8221;&#8230;<\/p>","protected":false},"author":1,"featured_media":0,"parent":0,"menu_order":0,"comment_status":"closed","ping_status":"closed","template":"","meta":{"_monsterinsights_skip_tracking":false,"_monsterinsights_sitenote_active":false,"_monsterinsights_sitenote_note":"","_monsterinsights_sitenote_category":0},"yoast_head":"<!-- This site is optimized with the Yoast SEO plugin v20.12 - https:\/\/yoast.com\/wordpress\/plugins\/seo\/ -->\n<title>Contact Us - Bat\u0131 Dental Clinic<\/title>\n<meta name=\"robots\" content=\"index, follow, max-snippet:-1, max-image-preview:large, max-video-preview:-1\" \/>\n<link rel=\"canonical\" href=\"https:\/\/batidentalclinic.com\/fr\/contact-us\/\" \/>\n<meta property=\"og:locale\" content=\"fr_FR\" \/>\n<meta property=\"og:type\" content=\"article\" \/>\n<meta property=\"og:title\" content=\"Contact Us - Bat\u0131 Dental Clinic\" \/>\n<meta property=\"og:description\" content=\"[vc_row css=&#8221;.vc_custom_1443297815351{margin-bottom: 20px !important;}&#8221;][vc_column width=&#8221;5\/12&#8243; css=&#8221;.vc_custom_1443298021925{margin-bottom: 30px !important;}&#8221; offset=&#8221;vc_col-lg-4 vc_col-md-4&#8243;][stm_contacts_widget style=&#8221;style_3&#8243; address=&#8221;Dikilita\u015f Mah. Fulya Deresi Sk. 14\/A Be\u015fikta\u015f\/\u0130stanbul\/Turkey&#8221; email=&#8221;info@batidentalclinic.com&#8221; phone=&#8221;+ 90 535 206 77 53&#8243; hours=&#8221;Mon &#8211; Fri 10.00 &#8211; 20.00 Saturday 10.00 &#8211; 19.00 Sunday CLOSED&#8221; title=&#8221;Fulya Branch&#8221;][\/vc_column][vc_column width=&#8221;7\/12&#8243; css=&#8221;.vc_custom_1443298031143{margin-bottom: 30px !important;}&#8221; offset=&#8221;vc_col-lg-8 vc_col-md-8&#8243;][stm_gmap map_zoom=&#8221;13&#8243; lat=&#8221;41.051160&#8243; lng=&#8221;29.003210&#8243;][\/vc_column][\/vc_row][vc_row css=&#8221;.vc_custom_1443297815351{margin-bottom: 20px !important;}&#8221;][vc_column width=&#8221;5\/12&#8243; css=&#8221;.vc_custom_1443298021925{margin-bottom: 30px !important;}&#8221;...\" \/>\n<meta property=\"og:url\" content=\"https:\/\/batidentalclinic.com\/fr\/contact-us\/\" \/>\n<meta property=\"og:site_name\" content=\"Bat\u0131 Dental Clinic\" \/>\n<meta property=\"article:modified_time\" content=\"2020-08-21T14:46:28+00:00\" \/>\n<meta name=\"twitter:card\" content=\"summary_large_image\" \/>\n<meta name=\"twitter:label1\" content=\"Dur\u00e9e de lecture estim\u00e9e\" \/>\n\t<meta name=\"twitter:data1\" content=\"1 minute\" \/>\n<script type=\"application\/ld+json\" class=\"yoast-schema-graph\">{\"@context\":\"https:\/\/schema.org\",\"@graph\":[{\"@type\":\"WebPage\",\"@id\":\"https:\/\/batidentalclinic.com\/contact-us\/\",\"url\":\"https:\/\/batidentalclinic.com\/contact-us\/\",\"name\":\"Contact Us - Bat\u0131 Dental Clinic\",\"isPartOf\":{\"@id\":\"https:\/\/batidentalclinic.com\/#website\"},\"datePublished\":\"2015-09-17T06:01:45+00:00\",\"dateModified\":\"2020-08-21T14:46:28+00:00\",\"breadcrumb\":{\"@id\":\"https:\/\/batidentalclinic.com\/contact-us\/#breadcrumb\"},\"inLanguage\":\"fr-FR\",\"potentialAction\":[{\"@type\":\"ReadAction\",\"target\":[\"https:\/\/batidentalclinic.com\/contact-us\/\"]}]},{\"@type\":\"BreadcrumbList\",\"@id\":\"https:\/\/batidentalclinic.com\/contact-us\/#breadcrumb\",\"itemListElement\":[{\"@type\":\"ListItem\",\"position\":1,\"name\":\"Home\",\"item\":\"https:\/\/batidentalclinic.com\/\"},{\"@type\":\"ListItem\",\"position\":2,\"name\":\"Contact Us\"}]},{\"@type\":\"WebSite\",\"@id\":\"https:\/\/batidentalclinic.com\/#website\",\"url\":\"https:\/\/batidentalclinic.com\/\",\"name\":\"Bat\u0131 Dental Clinic\",\"description\":\"We care about your health and aesthetic satisfaction\",\"potentialAction\":[{\"@type\":\"SearchAction\",\"target\":{\"@type\":\"EntryPoint\",\"urlTemplate\":\"https:\/\/batidentalclinic.com\/?s={search_term_string}\"},\"query-input\":\"required name=search_term_string\"}],\"inLanguage\":\"fr-FR\"}]}<\/script>\n<!-- \/ Yoast SEO plugin. -->","yoast_head_json":{"title":"Contact Us - Bat\u0131 Dental Clinic","robots":{"index":"index","follow":"follow","max-snippet":"max-snippet:-1","max-image-preview":"max-image-preview:large","max-video-preview":"max-video-preview:-1"},"canonical":"https:\/\/batidentalclinic.com\/fr\/contact-us\/","og_locale":"fr_FR","og_type":"article","og_title":"Contact Us - Bat\u0131 Dental Clinic","og_description":"[vc_row css=&#8221;.vc_custom_1443297815351{margin-bottom: 20px !important;}&#8221;][vc_column width=&#8221;5\/12&#8243; css=&#8221;.vc_custom_1443298021925{margin-bottom: 30px !important;}&#8221; offset=&#8221;vc_col-lg-4 vc_col-md-4&#8243;][stm_contacts_widget style=&#8221;style_3&#8243; address=&#8221;Dikilita\u015f Mah. Fulya Deresi Sk. 14\/A Be\u015fikta\u015f\/\u0130stanbul\/Turkey&#8221; email=&#8221;info@batidentalclinic.com&#8221; phone=&#8221;+ 90 535 206 77 53&#8243; hours=&#8221;Mon &#8211; Fri 10.00 &#8211; 20.00 Saturday 10.00 &#8211; 19.00 Sunday CLOSED&#8221; title=&#8221;Fulya Branch&#8221;][\/vc_column][vc_column width=&#8221;7\/12&#8243; css=&#8221;.vc_custom_1443298031143{margin-bottom: 30px !important;}&#8221; offset=&#8221;vc_col-lg-8 vc_col-md-8&#8243;][stm_gmap map_zoom=&#8221;13&#8243; lat=&#8221;41.051160&#8243; lng=&#8221;29.003210&#8243;][\/vc_column][\/vc_row][vc_row css=&#8221;.vc_custom_1443297815351{margin-bottom: 20px !important;}&#8221;][vc_column width=&#8221;5\/12&#8243; css=&#8221;.vc_custom_1443298021925{margin-bottom: 30px !important;}&#8221;...","og_url":"https:\/\/batidentalclinic.com\/fr\/contact-us\/","og_site_name":"Bat\u0131 Dental Clinic","article_modified_time":"2020-08-21T14:46:28+00:00","twitter_card":"summary_large_image","twitter_misc":{"Dur\u00e9e de lecture estim\u00e9e":"1 minute"},"schema":{"@context":"https:\/\/schema.org","@graph":[{"@type":"WebPage","@id":"https:\/\/batidentalclinic.com\/contact-us\/","url":"https:\/\/batidentalclinic.com\/contact-us\/","name":"Contact Us - Bat\u0131 Dental Clinic","isPartOf":{"@id":"https:\/\/batidentalclinic.com\/#website"},"datePublished":"2015-09-17T06:01:45+00:00","dateModified":"2020-08-21T14:46:28+00:00","breadcrumb":{"@id":"https:\/\/batidentalclinic.com\/contact-us\/#breadcrumb"},"inLanguage":"fr-FR","potentialAction":[{"@type":"ReadAction","target":["https:\/\/batidentalclinic.com\/contact-us\/"]}]},{"@type":"BreadcrumbList","@id":"https:\/\/batidentalclinic.com\/contact-us\/#breadcrumb","itemListElement":[{"@type":"ListItem","position":1,"name":"Home","item":"https:\/\/batidentalclinic.com\/"},{"@type":"ListItem","position":2,"name":"Contact Us"}]},{"@type":"WebSite","@id":"https:\/\/batidentalclinic.com\/#website","url":"https:\/\/batidentalclinic.com\/","name":"Bat\u0131 Dental Clinic","description":"We care about your health and aesthetic satisfaction","potentialAction":[{"@type":"SearchAction","target":{"@type":"EntryPoint","urlTemplate":"https:\/\/batidentalclinic.com\/?s={search_term_string}"},"query-input":"required name=search_term_string"}],"inLanguage":"fr-FR"}]}},"_links":{"self":[{"href":"https:\/\/batidentalclinic.com\/fr\/wp-json\/wp\/v2\/pages\/899"}],"collection":[{"href":"https:\/\/batidentalclinic.com\/fr\/wp-json\/wp\/v2\/pages"}],"about":[{"href":"https:\/\/batidentalclinic.com\/fr\/wp-json\/wp\/v2\/types\/page"}],"author":[{"embeddable":true,"href":"https:\/\/batidentalclinic.com\/fr\/wp-json\/wp\/v2\/users\/1"}],"replies":[{"embeddable":true,"href":"https:\/\/batidentalclinic.com\/fr\/wp-json\/wp\/v2\/comments?post=899"}],"version-history":[{"count":10,"href":"https:\/\/batidentalclinic.com\/fr\/wp-json\/wp\/v2\/pages\/899\/revisions"}],"predecessor-version":[{"id":1732,"href":"https:\/\/batidentalclinic.com\/fr\/wp-json\/wp\/v2\/pages\/899\/revisions\/1732"}],"wp:attachment":[{"href":"https:\/\/batidentalclinic.com\/fr\/wp-json\/wp\/v2\/media?parent=899"}],"curies":[{"name":"wp","href":"https:\/\/api.w.org\/{rel}","templated":true}]}}