{"id":835,"date":"2015-09-14T15:56:43","date_gmt":"2015-09-14T10:56:43","guid":{"rendered":"http:\/\/dentall.stylemixthemes.com\/demo\/?page_id=835"},"modified":"2021-01-28T20:40:46","modified_gmt":"2021-01-28T20:40:46","slug":"prices","status":"publish","type":"page","link":"https:\/\/batidentalclinic.com\/fr\/prices\/","title":{"rendered":"Les Prix"},"content":{"rendered":"<p>[vc_row][vc_column offset=&#8221;vc_col-lg-9 vc_col-md-9&#8243;][vc_custom_heading text=&#8221;Fee Guide&#8221; font_container=&#8221;tag:h3|text_align:left|color:%234c4c4c&#8221; use_theme_fonts=&#8221;yes&#8221; css=&#8221;.vc_custom_1442232427043{margin-bottom: 30px !important;}&#8221;][vc_column_text]<\/p>\n<table style=\"width: 94.3548%; height: 599px;\">\n<tbody>\n<tr style=\"height: 23px;\">\n<th style=\"height: 23px;\">Treatments<\/th>\n<th style=\"height: 23px;\">Prix<\/th>\n<\/tr>\n<tr style=\"height: 23px;\">\n<td style=\"height: 23px;\">Examen dentaire<\/td>\n<td style=\"height: 23px;\">Free<\/td>\n<\/tr>\n<tr style=\"height: 23px;\">\n<td style=\"height: 23px;\">Radiographie dentaire aux rayons X<\/td>\n<td style=\"height: 23px;\">Free<\/td>\n<\/tr>\n<tr style=\"height: 23px;\">\n<td style=\"height: 23px;\">Tomographie assist\u00e9e par ordinateur<\/td>\n<td style=\"height: 23px;\"><a href=\"https:\/\/batidentalclinic.com\/fr\/online-appointment\/\">Prix sur demande<\/a><\/td>\n<\/tr>\n<tr style=\"height: 23px;\">\n<td style=\"height: 23px;\">Blanchiment des dents au laser<\/td>\n<td style=\"height: 23px;\"><a href=\"https:\/\/batidentalclinic.com\/fr\/online-appointment\/\">Prix sur demande<\/a><\/td>\n<\/tr>\n<tr style=\"height: 23px;\">\n<td style=\"height: 23px;\">Remplissage composite<\/td>\n<td style=\"height: 23px;\"><a href=\"https:\/\/batidentalclinic.com\/fr\/online-appointment\/\">Prix sur demande<\/a><\/td>\n<\/tr>\n<tr style=\"height: 47px;\">\n<td style=\"height: 47px;\">Nettoyage en profondeur, d\u00e9tartrage et planification des racines (quadrant Pr.)<\/td>\n<td style=\"height: 47px;\"><a href=\"https:\/\/batidentalclinic.com\/fr\/online-appointment\/\">Prix sur demande<\/a><\/td>\n<\/tr>\n<tr style=\"height: 23px;\">\n<td style=\"height: 23px;\">Inlay\/Onlay<\/td>\n<td style=\"height: 23px;\"><a href=\"https:\/\/batidentalclinic.com\/fr\/online-appointment\/\">Prix sur demande<\/a><\/td>\n<\/tr>\n<tr style=\"height: 23px;\">\n<td style=\"height: 23px;\">Nettoyage r\u00e9gulier des dents<\/td>\n<td style=\"height: 23px;\"><a href=\"https:\/\/batidentalclinic.com\/fr\/online-appointment\/\">Prix sur demande<\/a><\/td>\n<\/tr>\n<tr style=\"height: 23px;\">\n<td style=\"height: 23px;\">La porcelaine fusionn\u00e9e \u00e0 la couronne m\u00e9tallique<\/td>\n<td style=\"height: 23px;\"><a href=\"https:\/\/batidentalclinic.com\/fr\/online-appointment\/\">Prix sur demande<\/a><\/td>\n<\/tr>\n<tr style=\"height: 23px;\">\n<td style=\"height: 23px;\">Placage de porcelaine (E-Max)<\/td>\n<td style=\"height: 23px;\"><a href=\"https:\/\/batidentalclinic.com\/fr\/online-appointment\/\">Prix sur demande<\/a><\/td>\n<\/tr>\n<tr style=\"height: 23px;\">\n<td style=\"height: 23px;\">Placages ultra-minces non pr\u00e9par\u00e9s<\/td>\n<td style=\"height: 23px;\"><a href=\"https:\/\/batidentalclinic.com\/fr\/online-appointment\/\">Prix sur demande<\/a><\/td>\n<\/tr>\n<tr style=\"height: 23px;\">\n<td style=\"height: 23px;\">Couronne en zirconium<\/td>\n<td style=\"height: 23px;\"><a href=\"https:\/\/batidentalclinic.com\/fr\/online-appointment\/\">Prix sur demande<\/a><\/td>\n<\/tr>\n<tr style=\"height: 23px;\">\n<td style=\"height: 23px;\">Implant (BEGO)<\/td>\n<td style=\"height: 23px;\"><a href=\"https:\/\/batidentalclinic.com\/fr\/online-appointment\/\">Prix sur demande<\/a><\/td>\n<\/tr>\n<tr style=\"height: 23px;\">\n<td style=\"height: 23px;\">Implant (Straumann)<\/td>\n<td style=\"height: 23px;\"><a href=\"https:\/\/batidentalclinic.com\/fr\/online-appointment\/\">Prix sur demande<\/a><\/td>\n<\/tr>\n<tr style=\"height: 23px;\">\n<td style=\"height: 23px;\">Support<\/td>\n<td style=\"height: 23px;\"><a href=\"https:\/\/batidentalclinic.com\/fr\/online-appointment\/\">Prix sur demande<\/a><\/td>\n<\/tr>\n<tr style=\"height: 23px;\">\n<td style=\"height: 23px;\">Canal radiculaire (molaire)<\/td>\n<td style=\"height: 23px;\"><a href=\"https:\/\/batidentalclinic.com\/fr\/online-appointment\/\">Prix sur demande<\/a><\/td>\n<\/tr>\n<tr style=\"height: 23px;\">\n<td style=\"height: 23px;\">Canal radiculaire (pr\u00e9molaire et frontale)<\/td>\n<td style=\"height: 23px;\"><a href=\"https:\/\/batidentalclinic.com\/fr\/online-appointment\/\">Prix sur demande<\/a><\/td>\n<\/tr>\n<tr style=\"height: 23px;\">\n<td style=\"height: 23px;\">Extraction compliqu\u00e9e des dents<\/td>\n<td style=\"height: 23px;\"><a href=\"https:\/\/batidentalclinic.com\/fr\/online-appointment\/\">Prix sur demande<\/a><\/td>\n<\/tr>\n<tr style=\"height: 23px;\">\n<td style=\"height: 23px;\">Op\u00e9ration dentaire impact\u00e9e<\/td>\n<td style=\"height: 23px;\"><a href=\"https:\/\/batidentalclinic.com\/fr\/online-appointment\/\">Prix sur demande<\/a><\/td>\n<\/tr>\n<tr style=\"height: 23px;\">\n<td style=\"height: 23px;\">Op\u00e9ration de f\u00e9nectomie<\/td>\n<td style=\"height: 23px;\"><a href=\"https:\/\/batidentalclinic.com\/fr\/online-appointment\/\">Prix sur demande<\/a><\/td>\n<\/tr>\n<tr style=\"height: 23px;\">\n<td style=\"height: 23px;\">Gingivoplastie (demi-m\u00e2choire)<\/td>\n<td style=\"height: 23px;\"><a href=\"https:\/\/batidentalclinic.com\/fr\/online-appointment\/\">Prix sur demande<\/a><\/td>\n<\/tr>\n<tr style=\"height: 23px;\">\n<td style=\"height: 23px;\">Extension de la longueur de la couronne (dent unique)<\/td>\n<td style=\"height: 23px;\"><a href=\"https:\/\/batidentalclinic.com\/fr\/online-appointment\/\">Prix sur demande<\/a><\/td>\n<\/tr>\n<tr style=\"height: 23px;\">\n<td style=\"height: 23px;\">Traitements d'orthodontie<\/td>\n<td style=\"height: 23px;\"><a href=\"https:\/\/batidentalclinic.com\/fr\/online-appointment\/\">Prix sur demande<\/a><\/td>\n<\/tr>\n<tr style=\"height: 23px;\">\n<td style=\"height: 23px;\">Invisalign<\/td>\n<td style=\"height: 23px;\"><a href=\"https:\/\/batidentalclinic.com\/fr\/online-appointment\/\">Prix sur demande<\/a><\/td>\n<\/tr>\n<\/tbody>\n<\/table>\n<p>[\/vc_column_text][\/vc_column][vc_column width=&#8221;1\/4&#8243; offset=&#8221;vc_hidden-sm vc_hidden-xs&#8221;][stm_sidebar sidebar=&#8221;700&#8243;][\/vc_column][vc_column offset=&#8221;vc_hidden-lg vc_hidden-md vc_hidden-sm vc_hidden-xs&#8221;][vc_row_inner css=&#8221;.vc_custom_1443296848338{margin-bottom: 20px !important;}&#8221;][vc_column_inner width=&#8221;7\/12&#8243; css=&#8221;.vc_custom_1611866288225{margin-bottom: 30px !important;}&#8221; offset=&#8221;vc_hidden-lg vc_hidden-md vc_hidden-sm vc_hidden-xs&#8221;][stm_price title=&#8221;Accommodation and Airport Transfers&#8221; prefix=&#8221;from&#8221; price=&#8221;\u20ac96&#8243; text=&#8221;We have deal with some nearby hotels. Based on your request, we can make reservation for your accommodation.&#8221; link=&#8221;url:https%3A%2F%2Fbatidentalclinic.com%2Fonline-appointment%2F|||&#8221; el_class=&#8221;secondary_background_color&#8221;][\/vc_column_inner][vc_column_inner width=&#8221;5\/12&#8243;][stm_price title=&#8221;VIP Service (3 Days)&#8221; prefix=&#8221;from&#8221; price=&#8221;\u20ac15k&#8221; text=&#8221;Transformation Packages, Whole Smile Rehabilitation, Accommodation, Spa, Transfers and one Istanbul tour.&#8221; css=&#8221;.vc_custom_1581162202421{background-image: url(https:\/\/batidentalclinic.com\/wp-content\/uploads\/2015\/08\/tools.jpg?id=481) !important;background-position: center !important;background-repeat: no-repeat !important;background-size: cover !important;}&#8221; link=&#8221;url:https%3A%2F%2Fbatidentalclinic.com%2Fonline-appointment%2F|||&#8221;][\/vc_column_inner][\/vc_row_inner][vc_custom_heading text=&#8221;Special Offers&#8221; font_container=&#8221;tag:h3|text_align:left|color:%234c4c4c&#8221; use_theme_fonts=&#8221;yes&#8221; css=&#8221;.vc_custom_1442228709088{margin-bottom: 30px !important;}&#8221;][\/vc_column][\/vc_row]<\/p>","protected":false},"excerpt":{"rendered":"<p>[vc_row][vc_column offset=&#8221;vc_col-lg-9 vc_col-md-9&#8243;][vc_custom_heading text=&#8221;Fee Guide&#8221; font_container=&#8221;tag:h3|text_align:left|color:%234c4c4c&#8221; use_theme_fonts=&#8221;yes&#8221; css=&#8221;.vc_custom_1442232427043{margin-bottom: 30px !important;}&#8221;][vc_column_text] Treatments Price Dental Examination Free Panaromic Dental X-Ray Free Computed Tomography Price on Request Laser Teeth Whitening Price on Request Composite Filling Price on Request Deep Cleaning, Scaling &amp; Root Planning (Pr. quadrant) Price on Request Inlay\/Onlay Price on Request Regular Teeth Cleaning Price on&#8230;<\/p>","protected":false},"author":1,"featured_media":0,"parent":0,"menu_order":0,"comment_status":"closed","ping_status":"closed","template":"","meta":{"_monsterinsights_skip_tracking":false,"_monsterinsights_sitenote_active":false,"_monsterinsights_sitenote_note":"","_monsterinsights_sitenote_category":0},"yoast_head":"<!-- This site is optimized with the Yoast SEO plugin v20.12 - https:\/\/yoast.com\/wordpress\/plugins\/seo\/ -->\n<title>Prices - Bat\u0131 Dental Clinic<\/title>\n<meta name=\"robots\" content=\"index, follow, max-snippet:-1, max-image-preview:large, max-video-preview:-1\" \/>\n<link rel=\"canonical\" href=\"https:\/\/batidentalclinic.com\/fr\/prices\/\" \/>\n<meta property=\"og:locale\" content=\"fr_FR\" \/>\n<meta property=\"og:type\" content=\"article\" \/>\n<meta property=\"og:title\" content=\"Prices - Bat\u0131 Dental Clinic\" \/>\n<meta property=\"og:description\" content=\"[vc_row][vc_column offset=&#8221;vc_col-lg-9 vc_col-md-9&#8243;][vc_custom_heading text=&#8221;Fee Guide&#8221; font_container=&#8221;tag:h3|text_align:left|color:%234c4c4c&#8221; use_theme_fonts=&#8221;yes&#8221; css=&#8221;.vc_custom_1442232427043{margin-bottom: 30px !important;}&#8221;][vc_column_text] Treatments Price Dental Examination Free Panaromic Dental X-Ray Free Computed Tomography Price on Request Laser Teeth Whitening Price on Request Composite Filling Price on Request Deep Cleaning, Scaling &amp; Root Planning (Pr. quadrant) Price on Request Inlay\/Onlay Price on Request Regular Teeth Cleaning Price on...\" \/>\n<meta property=\"og:url\" content=\"https:\/\/batidentalclinic.com\/fr\/prices\/\" \/>\n<meta property=\"og:site_name\" content=\"Bat\u0131 Dental Clinic\" \/>\n<meta property=\"article:modified_time\" content=\"2021-01-28T20:40:46+00:00\" \/>\n<meta name=\"twitter:card\" content=\"summary_large_image\" \/>\n<meta name=\"twitter:label1\" content=\"Dur\u00e9e de lecture estim\u00e9e\" \/>\n\t<meta name=\"twitter:data1\" content=\"2 minutes\" \/>\n<script type=\"application\/ld+json\" class=\"yoast-schema-graph\">{\"@context\":\"https:\/\/schema.org\",\"@graph\":[{\"@type\":\"WebPage\",\"@id\":\"https:\/\/batidentalclinic.com\/prices\/\",\"url\":\"https:\/\/batidentalclinic.com\/prices\/\",\"name\":\"Prices - Bat\u0131 Dental Clinic\",\"isPartOf\":{\"@id\":\"https:\/\/batidentalclinic.com\/#website\"},\"datePublished\":\"2015-09-14T10:56:43+00:00\",\"dateModified\":\"2021-01-28T20:40:46+00:00\",\"breadcrumb\":{\"@id\":\"https:\/\/batidentalclinic.com\/prices\/#breadcrumb\"},\"inLanguage\":\"fr-FR\",\"potentialAction\":[{\"@type\":\"ReadAction\",\"target\":[\"https:\/\/batidentalclinic.com\/prices\/\"]}]},{\"@type\":\"BreadcrumbList\",\"@id\":\"https:\/\/batidentalclinic.com\/prices\/#breadcrumb\",\"itemListElement\":[{\"@type\":\"ListItem\",\"position\":1,\"name\":\"Home\",\"item\":\"https:\/\/batidentalclinic.com\/\"},{\"@type\":\"ListItem\",\"position\":2,\"name\":\"Prices\"}]},{\"@type\":\"WebSite\",\"@id\":\"https:\/\/batidentalclinic.com\/#website\",\"url\":\"https:\/\/batidentalclinic.com\/\",\"name\":\"Bat\u0131 Dental Clinic\",\"description\":\"We care about your health and aesthetic satisfaction\",\"potentialAction\":[{\"@type\":\"SearchAction\",\"target\":{\"@type\":\"EntryPoint\",\"urlTemplate\":\"https:\/\/batidentalclinic.com\/?s={search_term_string}\"},\"query-input\":\"required name=search_term_string\"}],\"inLanguage\":\"fr-FR\"}]}<\/script>\n<!-- \/ Yoast SEO plugin. -->","yoast_head_json":{"title":"Prices - Bat\u0131 Dental Clinic","robots":{"index":"index","follow":"follow","max-snippet":"max-snippet:-1","max-image-preview":"max-image-preview:large","max-video-preview":"max-video-preview:-1"},"canonical":"https:\/\/batidentalclinic.com\/fr\/prices\/","og_locale":"fr_FR","og_type":"article","og_title":"Prices - Bat\u0131 Dental Clinic","og_description":"[vc_row][vc_column offset=&#8221;vc_col-lg-9 vc_col-md-9&#8243;][vc_custom_heading text=&#8221;Fee Guide&#8221; font_container=&#8221;tag:h3|text_align:left|color:%234c4c4c&#8221; use_theme_fonts=&#8221;yes&#8221; css=&#8221;.vc_custom_1442232427043{margin-bottom: 30px !important;}&#8221;][vc_column_text] Treatments Price Dental Examination Free Panaromic Dental X-Ray Free Computed Tomography Price on Request Laser Teeth Whitening Price on Request Composite Filling Price on Request Deep Cleaning, Scaling &amp; Root Planning (Pr. quadrant) Price on Request Inlay\/Onlay Price on Request Regular Teeth Cleaning Price on...","og_url":"https:\/\/batidentalclinic.com\/fr\/prices\/","og_site_name":"Bat\u0131 Dental Clinic","article_modified_time":"2021-01-28T20:40:46+00:00","twitter_card":"summary_large_image","twitter_misc":{"Dur\u00e9e de lecture estim\u00e9e":"2 minutes"},"schema":{"@context":"https:\/\/schema.org","@graph":[{"@type":"WebPage","@id":"https:\/\/batidentalclinic.com\/prices\/","url":"https:\/\/batidentalclinic.com\/prices\/","name":"Prices - Bat\u0131 Dental Clinic","isPartOf":{"@id":"https:\/\/batidentalclinic.com\/#website"},"datePublished":"2015-09-14T10:56:43+00:00","dateModified":"2021-01-28T20:40:46+00:00","breadcrumb":{"@id":"https:\/\/batidentalclinic.com\/prices\/#breadcrumb"},"inLanguage":"fr-FR","potentialAction":[{"@type":"ReadAction","target":["https:\/\/batidentalclinic.com\/prices\/"]}]},{"@type":"BreadcrumbList","@id":"https:\/\/batidentalclinic.com\/prices\/#breadcrumb","itemListElement":[{"@type":"ListItem","position":1,"name":"Home","item":"https:\/\/batidentalclinic.com\/"},{"@type":"ListItem","position":2,"name":"Prices"}]},{"@type":"WebSite","@id":"https:\/\/batidentalclinic.com\/#website","url":"https:\/\/batidentalclinic.com\/","name":"Bat\u0131 Dental Clinic","description":"We care about your health and aesthetic satisfaction","potentialAction":[{"@type":"SearchAction","target":{"@type":"EntryPoint","urlTemplate":"https:\/\/batidentalclinic.com\/?s={search_term_string}"},"query-input":"required name=search_term_string"}],"inLanguage":"fr-FR"}]}},"_links":{"self":[{"href":"https:\/\/batidentalclinic.com\/fr\/wp-json\/wp\/v2\/pages\/835"}],"collection":[{"href":"https:\/\/batidentalclinic.com\/fr\/wp-json\/wp\/v2\/pages"}],"about":[{"href":"https:\/\/batidentalclinic.com\/fr\/wp-json\/wp\/v2\/types\/page"}],"author":[{"embeddable":true,"href":"https:\/\/batidentalclinic.com\/fr\/wp-json\/wp\/v2\/users\/1"}],"replies":[{"embeddable":true,"href":"https:\/\/batidentalclinic.com\/fr\/wp-json\/wp\/v2\/comments?post=835"}],"version-history":[{"count":24,"href":"https:\/\/batidentalclinic.com\/fr\/wp-json\/wp\/v2\/pages\/835\/revisions"}],"predecessor-version":[{"id":1768,"href":"https:\/\/batidentalclinic.com\/fr\/wp-json\/wp\/v2\/pages\/835\/revisions\/1768"}],"wp:attachment":[{"href":"https:\/\/batidentalclinic.com\/fr\/wp-json\/wp\/v2\/media?parent=835"}],"curies":[{"name":"wp","href":"https:\/\/api.w.org\/{rel}","templated":true}]}}