{"id":817,"date":"2015-09-14T11:22:15","date_gmt":"2015-09-14T06:22:15","guid":{"rendered":"http:\/\/dentall.stylemixthemes.com\/demo\/?page_id=817"},"modified":"2020-08-18T18:49:00","modified_gmt":"2020-08-18T18:49:00","slug":"digital-dentistry","status":"publish","type":"page","link":"https:\/\/batidentalclinic.com\/fr\/digital-dentistry\/","title":{"rendered":"Dentisterie num\u00e9rique"},"content":{"rendered":"<p>[vc_row][vc_column offset=&#8221;vc_col-lg-9 vc_col-md-9&#8243;][vc_column_text]<strong>Dentisterie num\u00e9rique<\/strong><\/p>\n<p>La clinique dentaire Bati est fi\u00e8re d'utiliser la technologie dentaire la plus avanc\u00e9e pour rendre le traitement plus rapide, meilleur et plus confortable. La dentisterie num\u00e9rique permet d'am\u00e9liorer les traitements dentaires.<\/p>\n<p><strong>CAD\/CAM signifie Computer-aided Design and Computer-aided Manufacturing (conception et fabrication assist\u00e9es par ordinateur). <\/strong><\/p>\n<ul>\n<li><strong>Scanner intra-oral 3Shape:<\/strong>En plus d'\u00eatre plus confortable pour le patient que l'ancienne m\u00e9thode d'empreinte dentaire, le scanner 3D permet d'obtenir des r\u00e9sultats plus pr\u00e9cis  et d'une qualit\u00e9 bien sup\u00e9rieure  .<\/li>\n<li><strong>Scanner IDC<\/strong>: LABun solide syst\u00e8me de CAO\/FAO qui combine la num\u00e9risation avec un logiciel de conception.<\/li>\n<li><strong>Syst\u00e8me d'impression 3D NextDent<\/strong>: Ce syst\u00e8me permet de produire des plateaux, des mod\u00e8les (orthodontiques\/prosthodontiques), des guides chirurgicaux, des proth\u00e8ses dentaires, des attelles orthodontiques, des couronnes et des ponts avec une rapidit\u00e9, une pr\u00e9cision et une efficacit\u00e9 accrues.<\/li>\n<li><strong>Fraiseuse dentaire IDC<\/strong>: sont la b\u00eate de somme de la production du syst\u00e8me de CAO\/FAO dentaire. Il est utilis\u00e9 pour fabriquer des restaurations dentaires compl\u00e8tes ou partielles sur la base d'une conception num\u00e9rique. Cette machine permet de fabriquer toutes les couronnes, bridges, inlays et onlays<\/li>\n<\/ul>\n<p><strong>Les avantages du syst\u00e8me num\u00e9rique<\/strong><\/p>\n<ol>\n<li>Une dur\u00e9e de traitement plus courte<\/li>\n<li>Moins de risques d'erreurs<\/li>\n<li>Aspect esth\u00e9tique et naturel<\/li>\n<li>Une mensuration plus agr\u00e9able<\/li>\n<\/ol>\n<p>[\/vc_column_text][vc_media_grid element_width=&#8221;3&#8243; grid_id=&#8221;vc_gid:1597776513561-a4b28a51-0969-1&#8243; include=&#8221;1689,1688,1687,1686&#8243;][\/vc_column][vc_column width=&#8221;1\/4&#8243; offset=&#8221;vc_hidden-sm vc_hidden-xs&#8221;][stm_sidebar sidebar=&#8221;700&#8243;][\/vc_column][\/vc_row]<\/p>","protected":false},"excerpt":{"rendered":"<p>[vc_row][vc_column offset=&#8221;vc_col-lg-9 vc_col-md-9&#8243;][vc_column_text]Digital Dentistry Bati Dental Clinic are proud of using the most advanced dental technology to make treatment faster, better and more comfortable. Digital dentistry makes it better for dental treatments. CAD\/CAM stands for Computer-aided Design and Computer-aided Manufacturing. 3Shape Intraoral Scanner: Beside that it&#8217;s more comfortable than old style dental impression for patient,&#8230;<\/p>","protected":false},"author":1,"featured_media":0,"parent":0,"menu_order":0,"comment_status":"closed","ping_status":"closed","template":"","meta":{"_monsterinsights_skip_tracking":false,"_monsterinsights_sitenote_active":false,"_monsterinsights_sitenote_note":"","_monsterinsights_sitenote_category":0},"yoast_head":"<!-- This site is optimized with the Yoast SEO plugin v20.12 - https:\/\/yoast.com\/wordpress\/plugins\/seo\/ -->\n<title>Digital Dentistry - Bat\u0131 Dental Clinic<\/title>\n<meta name=\"robots\" content=\"index, follow, max-snippet:-1, max-image-preview:large, max-video-preview:-1\" \/>\n<link rel=\"canonical\" href=\"https:\/\/batidentalclinic.com\/fr\/digital-dentistry\/\" \/>\n<meta property=\"og:locale\" content=\"fr_FR\" \/>\n<meta property=\"og:type\" content=\"article\" \/>\n<meta property=\"og:title\" content=\"Digital Dentistry - Bat\u0131 Dental Clinic\" \/>\n<meta property=\"og:description\" content=\"[vc_row][vc_column offset=&#8221;vc_col-lg-9 vc_col-md-9&#8243;][vc_column_text]Digital Dentistry Bati Dental Clinic are proud of using the most advanced dental technology to make treatment faster, better and more comfortable. Digital dentistry makes it better for dental treatments. CAD\/CAM stands for Computer-aided Design and Computer-aided Manufacturing. 3Shape Intraoral Scanner: Beside that it&#8217;s more comfortable than old style dental impression for patient,...\" \/>\n<meta property=\"og:url\" content=\"https:\/\/batidentalclinic.com\/fr\/digital-dentistry\/\" \/>\n<meta property=\"og:site_name\" content=\"Bat\u0131 Dental Clinic\" \/>\n<meta property=\"article:modified_time\" content=\"2020-08-18T18:49:00+00:00\" \/>\n<meta name=\"twitter:card\" content=\"summary_large_image\" \/>\n<meta name=\"twitter:label1\" content=\"Dur\u00e9e de lecture estim\u00e9e\" \/>\n\t<meta name=\"twitter:data1\" content=\"1 minute\" \/>\n<script type=\"application\/ld+json\" class=\"yoast-schema-graph\">{\"@context\":\"https:\/\/schema.org\",\"@graph\":[{\"@type\":\"WebPage\",\"@id\":\"https:\/\/batidentalclinic.com\/digital-dentistry\/\",\"url\":\"https:\/\/batidentalclinic.com\/digital-dentistry\/\",\"name\":\"Digital Dentistry - Bat\u0131 Dental Clinic\",\"isPartOf\":{\"@id\":\"https:\/\/batidentalclinic.com\/#website\"},\"datePublished\":\"2015-09-14T06:22:15+00:00\",\"dateModified\":\"2020-08-18T18:49:00+00:00\",\"breadcrumb\":{\"@id\":\"https:\/\/batidentalclinic.com\/digital-dentistry\/#breadcrumb\"},\"inLanguage\":\"fr-FR\",\"potentialAction\":[{\"@type\":\"ReadAction\",\"target\":[\"https:\/\/batidentalclinic.com\/digital-dentistry\/\"]}]},{\"@type\":\"BreadcrumbList\",\"@id\":\"https:\/\/batidentalclinic.com\/digital-dentistry\/#breadcrumb\",\"itemListElement\":[{\"@type\":\"ListItem\",\"position\":1,\"name\":\"Home\",\"item\":\"https:\/\/batidentalclinic.com\/\"},{\"@type\":\"ListItem\",\"position\":2,\"name\":\"Digital Dentistry\"}]},{\"@type\":\"WebSite\",\"@id\":\"https:\/\/batidentalclinic.com\/#website\",\"url\":\"https:\/\/batidentalclinic.com\/\",\"name\":\"Bat\u0131 Dental Clinic\",\"description\":\"We care about your health and aesthetic satisfaction\",\"potentialAction\":[{\"@type\":\"SearchAction\",\"target\":{\"@type\":\"EntryPoint\",\"urlTemplate\":\"https:\/\/batidentalclinic.com\/?s={search_term_string}\"},\"query-input\":\"required name=search_term_string\"}],\"inLanguage\":\"fr-FR\"}]}<\/script>\n<!-- \/ Yoast SEO plugin. -->","yoast_head_json":{"title":"Digital Dentistry - Bat\u0131 Dental Clinic","robots":{"index":"index","follow":"follow","max-snippet":"max-snippet:-1","max-image-preview":"max-image-preview:large","max-video-preview":"max-video-preview:-1"},"canonical":"https:\/\/batidentalclinic.com\/fr\/digital-dentistry\/","og_locale":"fr_FR","og_type":"article","og_title":"Digital Dentistry - Bat\u0131 Dental Clinic","og_description":"[vc_row][vc_column offset=&#8221;vc_col-lg-9 vc_col-md-9&#8243;][vc_column_text]Digital Dentistry Bati Dental Clinic are proud of using the most advanced dental technology to make treatment faster, better and more comfortable. Digital dentistry makes it better for dental treatments. CAD\/CAM stands for Computer-aided Design and Computer-aided Manufacturing. 3Shape Intraoral Scanner: Beside that it&#8217;s more comfortable than old style dental impression for patient,...","og_url":"https:\/\/batidentalclinic.com\/fr\/digital-dentistry\/","og_site_name":"Bat\u0131 Dental Clinic","article_modified_time":"2020-08-18T18:49:00+00:00","twitter_card":"summary_large_image","twitter_misc":{"Dur\u00e9e de lecture estim\u00e9e":"1 minute"},"schema":{"@context":"https:\/\/schema.org","@graph":[{"@type":"WebPage","@id":"https:\/\/batidentalclinic.com\/digital-dentistry\/","url":"https:\/\/batidentalclinic.com\/digital-dentistry\/","name":"Digital Dentistry - Bat\u0131 Dental Clinic","isPartOf":{"@id":"https:\/\/batidentalclinic.com\/#website"},"datePublished":"2015-09-14T06:22:15+00:00","dateModified":"2020-08-18T18:49:00+00:00","breadcrumb":{"@id":"https:\/\/batidentalclinic.com\/digital-dentistry\/#breadcrumb"},"inLanguage":"fr-FR","potentialAction":[{"@type":"ReadAction","target":["https:\/\/batidentalclinic.com\/digital-dentistry\/"]}]},{"@type":"BreadcrumbList","@id":"https:\/\/batidentalclinic.com\/digital-dentistry\/#breadcrumb","itemListElement":[{"@type":"ListItem","position":1,"name":"Home","item":"https:\/\/batidentalclinic.com\/"},{"@type":"ListItem","position":2,"name":"Digital Dentistry"}]},{"@type":"WebSite","@id":"https:\/\/batidentalclinic.com\/#website","url":"https:\/\/batidentalclinic.com\/","name":"Bat\u0131 Dental Clinic","description":"We care about your health and aesthetic satisfaction","potentialAction":[{"@type":"SearchAction","target":{"@type":"EntryPoint","urlTemplate":"https:\/\/batidentalclinic.com\/?s={search_term_string}"},"query-input":"required name=search_term_string"}],"inLanguage":"fr-FR"}]}},"_links":{"self":[{"href":"https:\/\/batidentalclinic.com\/fr\/wp-json\/wp\/v2\/pages\/817"}],"collection":[{"href":"https:\/\/batidentalclinic.com\/fr\/wp-json\/wp\/v2\/pages"}],"about":[{"href":"https:\/\/batidentalclinic.com\/fr\/wp-json\/wp\/v2\/types\/page"}],"author":[{"embeddable":true,"href":"https:\/\/batidentalclinic.com\/fr\/wp-json\/wp\/v2\/users\/1"}],"replies":[{"embeddable":true,"href":"https:\/\/batidentalclinic.com\/fr\/wp-json\/wp\/v2\/comments?post=817"}],"version-history":[{"count":9,"href":"https:\/\/batidentalclinic.com\/fr\/wp-json\/wp\/v2\/pages\/817\/revisions"}],"predecessor-version":[{"id":1696,"href":"https:\/\/batidentalclinic.com\/fr\/wp-json\/wp\/v2\/pages\/817\/revisions\/1696"}],"wp:attachment":[{"href":"https:\/\/batidentalclinic.com\/fr\/wp-json\/wp\/v2\/media?parent=817"}],"curies":[{"name":"wp","href":"https:\/\/api.w.org\/{rel}","templated":true}]}}