{"id":736,"date":"2015-09-08T11:06:23","date_gmt":"2015-09-08T06:06:23","guid":{"rendered":"http:\/\/dentall.stylemixthemes.com\/demo\/?page_id=736"},"modified":"2015-09-08T11:06:23","modified_gmt":"2015-09-08T06:06:23","slug":"faq","status":"publish","type":"page","link":"https:\/\/batidentalclinic.com\/fr\/faq\/","title":{"rendered":"FAQ"},"content":{"rendered":"<p>[vc_row][vc_column offset=&#8221;vc_col-lg-9 vc_col-md-9&#8243;][vc_tta_accordion style=&#8221;flat&#8221; shape=&#8221;square&#8221; color=&#8221;blue&#8221; c_position=&#8221;right&#8221; active_section=&#8221;1&#8243; no_fill=&#8221;true&#8221;][vc_tta_section title=&#8221;Where can I find new patient forms?&#8221; tab_id=&#8221;1441693041782-ffce51b8-b370&#8243;][vc_column_text]<\/p>\n<p class=\"p1\"><span class=\"s1\">When you first arrive and meet our staff, you&#8217;ll fill out your new patient paperwork. This helps our team get to know you better. We ask that you arrive 15 minutes early to complete your paperwork. Or, you can get a head start by filling out your patient forms now. <\/span><span class=\"s2\"><a href=\"#\">Download<\/a><\/span><span class=\"s1\"> New Patient Forms. <\/span><\/p>\n<p class=\"p1\"><span class=\"s1\">New patients often ask if they can have their teeth cleaned during their first visit. Your dental treatments usually begin with a follow-up visit, often scheduled as soon as the next day. We need to see you first for a comprehensive exam and then schedule adequate time with your hygienist.<\/span><\/p>\n<p>[\/vc_column_text][\/vc_tta_section][vc_tta_section title=&#8221;First Things First&#8221; tab_id=&#8221;1441693329202-fa853d76-f1a0&#8243;][vc_column_text]<\/p>\n<p class=\"p1\"><span class=\"s1\">When you first arrive and meet our staff, you&#8217;ll fill out your new patient paperwork. This helps our team get to know you better. We ask that you arrive 15 minutes early to complete your paperwork. Or, you can get a head start by filling out your patient forms now. <\/span><span class=\"s2\"><a href=\"#\">Download<\/a><\/span><span class=\"s1\"> New Patient Forms. <\/span><\/p>\n<p class=\"p1\"><span class=\"s1\">New patients often ask if they can have their teeth cleaned during their first visit. Your dental treatments usually begin with a follow-up visit, often scheduled as soon as the next day. We need to see you first for a comprehensive exam and then schedule adequate time with your hygienist.<\/span><\/p>\n<p>[\/vc_column_text][\/vc_tta_section][vc_tta_section title=&#8221;Sitting down and seeing the big picture&#8221; tab_id=&#8221;1441693340077-5efcc767-f263&#8243;][vc_column_text]<\/p>\n<p class=\"p1\"><span class=\"s1\">When you first arrive and meet our staff, you&#8217;ll fill out your new patient paperwork. This helps our team get to know you better. We ask that you arrive 15 minutes early to complete your paperwork. Or, you can get a head start by filling out your patient forms now. <\/span><span class=\"s2\"><a href=\"#\">Download<\/a><\/span><span class=\"s1\"> New Patient Forms. <\/span><\/p>\n<p class=\"p1\"><span class=\"s1\">New patients often ask if they can have their teeth cleaned during their first visit. Your dental treatments usually begin with a follow-up visit, often scheduled as soon as the next day. We need to see you first for a comprehensive exam and then schedule adequate time with your hygienist.<\/span><\/p>\n<p>[\/vc_column_text][\/vc_tta_section][vc_tta_section title=&#8221;X-rays&#8221; tab_id=&#8221;1441693350195-d7ab9701-63c3&#8243;][vc_column_text]<\/p>\n<p class=\"p1\"><span class=\"s1\">When you first arrive and meet our staff, you&#8217;ll fill out your new patient paperwork. This helps our team get to know you better. We ask that you arrive 15 minutes early to complete your paperwork. Or, you can get a head start by filling out your patient forms now. <\/span><span class=\"s2\"><a href=\"#\">Download<\/a><\/span><span class=\"s1\"> New Patient Forms. <\/span><\/p>\n<p class=\"p1\"><span class=\"s1\">New patients often ask if they can have their teeth cleaned during their first visit. Your dental treatments usually begin with a follow-up visit, often scheduled as soon as the next day. We need to see you first for a comprehensive exam and then schedule adequate time with your hygienist.<\/span><\/p>\n<p>[\/vc_column_text][\/vc_tta_section][vc_tta_section title=&#8221;Finding the right dental treatment plan for you&#8221; tab_id=&#8221;1441693392479-0dbb1317-81a9&#8243;][vc_column_text]<\/p>\n<p class=\"p1\"><span class=\"s1\">When you first arrive and meet our staff, you&#8217;ll fill out your new patient paperwork. This helps our team get to know you better. We ask that you arrive 15 minutes early to complete your paperwork. Or, you can get a head start by filling out your patient forms now. <\/span><span class=\"s2\"><a href=\"#\">Download<\/a><\/span><span class=\"s1\"> New Patient Forms. <\/span><\/p>\n<p class=\"p1\"><span class=\"s1\">New patients often ask if they can have their teeth cleaned during their first visit. Your dental treatments usually begin with a follow-up visit, often scheduled as soon as the next day. We need to see you first for a comprehensive exam and then schedule adequate time with your hygienist.<\/span><\/p>\n<p>[\/vc_column_text][\/vc_tta_section][vc_tta_section title=&#8221;Consultation with office manager&#8221; tab_id=&#8221;1441693394302-164a032d-b178&#8243;][vc_column_text]<\/p>\n<p class=\"p1\"><span class=\"s1\">When you first arrive and meet our staff, you&#8217;ll fill out your new patient paperwork. This helps our team get to know you better. We ask that you arrive 15 minutes early to complete your paperwork. Or, you can get a head start by filling out your patient forms now. <\/span><span class=\"s2\"><a href=\"#\">Download<\/a><\/span><span class=\"s1\"> New Patient Forms. <\/span><\/p>\n<p class=\"p1\"><span class=\"s1\">New patients often ask if they can have their teeth cleaned during their first visit. Your dental treatments usually begin with a follow-up visit, often scheduled as soon as the next day. We need to see you first for a comprehensive exam and then schedule adequate time with your hygienist.<\/span><\/p>\n<p>[\/vc_column_text][\/vc_tta_section][vc_tta_section title=&#8221;Your mouth has questions. Our mouths have answers.&#8221; tab_id=&#8221;1441693411026-d6cd60b9-6096&#8243;][vc_column_text]<\/p>\n<p class=\"p1\"><span class=\"s1\">When you first arrive and meet our staff, you&#8217;ll fill out your new patient paperwork. This helps our team get to know you better. We ask that you arrive 15 minutes early to complete your paperwork. Or, you can get a head start by filling out your patient forms now. <\/span><span class=\"s2\"><a href=\"#\">Download<\/a><\/span><span class=\"s1\"> New Patient Forms. <\/span><\/p>\n<p class=\"p1\"><span class=\"s1\">New patients often ask if they can have their teeth cleaned during their first visit. Your dental treatments usually begin with a follow-up visit, often scheduled as soon as the next day. We need to see you first for a comprehensive exam and then schedule adequate time with your hygienist.<\/span><\/p>\n<p>[\/vc_column_text][\/vc_tta_section][vc_tta_section title=&#8221;Dental treatment plan for you&#8221; tab_id=&#8221;1441693424743-52837d71-e341&#8243;][vc_column_text]<\/p>\n<p class=\"p1\"><span class=\"s1\">When you first arrive and meet our staff, you&#8217;ll fill out your new patient paperwork. This helps our team get to know you better. We ask that you arrive 15 minutes early to complete your paperwork. Or, you can get a head start by filling out your patient forms now. <\/span><span class=\"s2\"><a href=\"#\">Download<\/a><\/span><span class=\"s1\"> New Patient Forms. <\/span><\/p>\n<p class=\"p1\"><span class=\"s1\">New patients often ask if they can have their teeth cleaned during their first visit. Your dental treatments usually begin with a follow-up visit, often scheduled as soon as the next day. We need to see you first for a comprehensive exam and then schedule adequate time with your hygienist.<\/span><\/p>\n<p>[\/vc_column_text][\/vc_tta_section][\/vc_tta_accordion][\/vc_column][vc_column width=&#8221;1\/4&#8243; offset=&#8221;vc_hidden-sm vc_hidden-xs&#8221;][stm_sidebar sidebar=&#8221;700&#8243;][\/vc_column][\/vc_row]<\/p>","protected":false},"excerpt":{"rendered":"<p>[vc_row][vc_column offset=&#8221;vc_col-lg-9 vc_col-md-9&#8243;][vc_tta_accordion style=&#8221;flat&#8221; shape=&#8221;square&#8221; color=&#8221;blue&#8221; c_position=&#8221;right&#8221; active_section=&#8221;1&#8243; no_fill=&#8221;true&#8221;][vc_tta_section title=&#8221;Where can I find new patient forms?&#8221; tab_id=&#8221;1441693041782-ffce51b8-b370&#8243;][vc_column_text] When you first arrive and meet our staff, you&#8217;ll fill out your new patient paperwork. This helps our team get to know you better. We ask that you arrive 15 minutes early to complete your paperwork. Or, you&#8230;<\/p>","protected":false},"author":1,"featured_media":0,"parent":0,"menu_order":0,"comment_status":"closed","ping_status":"closed","template":"","meta":{"_monsterinsights_skip_tracking":false,"_monsterinsights_sitenote_active":false,"_monsterinsights_sitenote_note":"","_monsterinsights_sitenote_category":0},"yoast_head":"<!-- This site is optimized with the Yoast SEO plugin v20.12 - https:\/\/yoast.com\/wordpress\/plugins\/seo\/ -->\n<title>FAQ - Bat\u0131 Dental Clinic<\/title>\n<meta name=\"robots\" content=\"index, follow, max-snippet:-1, max-image-preview:large, max-video-preview:-1\" \/>\n<link rel=\"canonical\" href=\"https:\/\/batidentalclinic.com\/fr\/faq\/\" \/>\n<meta property=\"og:locale\" content=\"fr_FR\" \/>\n<meta property=\"og:type\" content=\"article\" \/>\n<meta property=\"og:title\" content=\"FAQ - Bat\u0131 Dental Clinic\" \/>\n<meta property=\"og:description\" content=\"[vc_row][vc_column offset=&#8221;vc_col-lg-9 vc_col-md-9&#8243;][vc_tta_accordion style=&#8221;flat&#8221; shape=&#8221;square&#8221; color=&#8221;blue&#8221; c_position=&#8221;right&#8221; active_section=&#8221;1&#8243; no_fill=&#8221;true&#8221;][vc_tta_section title=&#8221;Where can I find new patient forms?&#8221; tab_id=&#8221;1441693041782-ffce51b8-b370&#8243;][vc_column_text] When you first arrive and meet our staff, you&#8217;ll fill out your new patient paperwork. This helps our team get to know you better. We ask that you arrive 15 minutes early to complete your paperwork. Or, you...\" \/>\n<meta property=\"og:url\" content=\"https:\/\/batidentalclinic.com\/fr\/faq\/\" \/>\n<meta property=\"og:site_name\" content=\"Bat\u0131 Dental Clinic\" \/>\n<meta name=\"twitter:card\" content=\"summary_large_image\" \/>\n<meta name=\"twitter:label1\" content=\"Dur\u00e9e de lecture estim\u00e9e\" \/>\n\t<meta name=\"twitter:data1\" content=\"5 minutes\" \/>\n<script type=\"application\/ld+json\" class=\"yoast-schema-graph\">{\"@context\":\"https:\/\/schema.org\",\"@graph\":[{\"@type\":\"WebPage\",\"@id\":\"https:\/\/batidentalclinic.com\/faq\/\",\"url\":\"https:\/\/batidentalclinic.com\/faq\/\",\"name\":\"FAQ - Bat\u0131 Dental Clinic\",\"isPartOf\":{\"@id\":\"https:\/\/batidentalclinic.com\/#website\"},\"datePublished\":\"2015-09-08T06:06:23+00:00\",\"dateModified\":\"2015-09-08T06:06:23+00:00\",\"breadcrumb\":{\"@id\":\"https:\/\/batidentalclinic.com\/faq\/#breadcrumb\"},\"inLanguage\":\"fr-FR\",\"potentialAction\":[{\"@type\":\"ReadAction\",\"target\":[\"https:\/\/batidentalclinic.com\/faq\/\"]}]},{\"@type\":\"BreadcrumbList\",\"@id\":\"https:\/\/batidentalclinic.com\/faq\/#breadcrumb\",\"itemListElement\":[{\"@type\":\"ListItem\",\"position\":1,\"name\":\"Home\",\"item\":\"https:\/\/batidentalclinic.com\/\"},{\"@type\":\"ListItem\",\"position\":2,\"name\":\"FAQ\"}]},{\"@type\":\"WebSite\",\"@id\":\"https:\/\/batidentalclinic.com\/#website\",\"url\":\"https:\/\/batidentalclinic.com\/\",\"name\":\"Bat\u0131 Dental Clinic\",\"description\":\"We care about your health and aesthetic satisfaction\",\"potentialAction\":[{\"@type\":\"SearchAction\",\"target\":{\"@type\":\"EntryPoint\",\"urlTemplate\":\"https:\/\/batidentalclinic.com\/?s={search_term_string}\"},\"query-input\":\"required name=search_term_string\"}],\"inLanguage\":\"fr-FR\"}]}<\/script>\n<!-- \/ Yoast SEO plugin. -->","yoast_head_json":{"title":"FAQ - Bat\u0131 Dental Clinic","robots":{"index":"index","follow":"follow","max-snippet":"max-snippet:-1","max-image-preview":"max-image-preview:large","max-video-preview":"max-video-preview:-1"},"canonical":"https:\/\/batidentalclinic.com\/fr\/faq\/","og_locale":"fr_FR","og_type":"article","og_title":"FAQ - Bat\u0131 Dental Clinic","og_description":"[vc_row][vc_column offset=&#8221;vc_col-lg-9 vc_col-md-9&#8243;][vc_tta_accordion style=&#8221;flat&#8221; shape=&#8221;square&#8221; color=&#8221;blue&#8221; c_position=&#8221;right&#8221; active_section=&#8221;1&#8243; no_fill=&#8221;true&#8221;][vc_tta_section title=&#8221;Where can I find new patient forms?&#8221; tab_id=&#8221;1441693041782-ffce51b8-b370&#8243;][vc_column_text] When you first arrive and meet our staff, you&#8217;ll fill out your new patient paperwork. This helps our team get to know you better. We ask that you arrive 15 minutes early to complete your paperwork. Or, you...","og_url":"https:\/\/batidentalclinic.com\/fr\/faq\/","og_site_name":"Bat\u0131 Dental Clinic","twitter_card":"summary_large_image","twitter_misc":{"Dur\u00e9e de lecture estim\u00e9e":"5 minutes"},"schema":{"@context":"https:\/\/schema.org","@graph":[{"@type":"WebPage","@id":"https:\/\/batidentalclinic.com\/faq\/","url":"https:\/\/batidentalclinic.com\/faq\/","name":"FAQ - Bat\u0131 Dental Clinic","isPartOf":{"@id":"https:\/\/batidentalclinic.com\/#website"},"datePublished":"2015-09-08T06:06:23+00:00","dateModified":"2015-09-08T06:06:23+00:00","breadcrumb":{"@id":"https:\/\/batidentalclinic.com\/faq\/#breadcrumb"},"inLanguage":"fr-FR","potentialAction":[{"@type":"ReadAction","target":["https:\/\/batidentalclinic.com\/faq\/"]}]},{"@type":"BreadcrumbList","@id":"https:\/\/batidentalclinic.com\/faq\/#breadcrumb","itemListElement":[{"@type":"ListItem","position":1,"name":"Home","item":"https:\/\/batidentalclinic.com\/"},{"@type":"ListItem","position":2,"name":"FAQ"}]},{"@type":"WebSite","@id":"https:\/\/batidentalclinic.com\/#website","url":"https:\/\/batidentalclinic.com\/","name":"Bat\u0131 Dental Clinic","description":"We care about your health and aesthetic satisfaction","potentialAction":[{"@type":"SearchAction","target":{"@type":"EntryPoint","urlTemplate":"https:\/\/batidentalclinic.com\/?s={search_term_string}"},"query-input":"required name=search_term_string"}],"inLanguage":"fr-FR"}]}},"_links":{"self":[{"href":"https:\/\/batidentalclinic.com\/fr\/wp-json\/wp\/v2\/pages\/736"}],"collection":[{"href":"https:\/\/batidentalclinic.com\/fr\/wp-json\/wp\/v2\/pages"}],"about":[{"href":"https:\/\/batidentalclinic.com\/fr\/wp-json\/wp\/v2\/types\/page"}],"author":[{"embeddable":true,"href":"https:\/\/batidentalclinic.com\/fr\/wp-json\/wp\/v2\/users\/1"}],"replies":[{"embeddable":true,"href":"https:\/\/batidentalclinic.com\/fr\/wp-json\/wp\/v2\/comments?post=736"}],"version-history":[{"count":0,"href":"https:\/\/batidentalclinic.com\/fr\/wp-json\/wp\/v2\/pages\/736\/revisions"}],"wp:attachment":[{"href":"https:\/\/batidentalclinic.com\/fr\/wp-json\/wp\/v2\/media?parent=736"}],"curies":[{"name":"wp","href":"https:\/\/api.w.org\/{rel}","templated":true}]}}