{"id":25,"date":"2015-08-13T04:56:24","date_gmt":"2015-08-13T04:56:24","guid":{"rendered":"http:\/\/dentall.stylemixthemes.com\/demo\/?page_id=25"},"modified":"2020-02-11T16:04:28","modified_gmt":"2020-02-11T16:04:28","slug":"about-us","status":"publish","type":"page","link":"https:\/\/batidentalclinic.com\/fr\/about-us\/","title":{"rendered":"\u00c0 propos de nous"},"content":{"rendered":"<p>[vc_row css=&#8221;.vc_custom_1441619155187{margin-bottom: 50px !important;}&#8221;][vc_column offset=&#8221;vc_hidden-xs&#8221;][rev_slider_vc alias=&#8221;about_us&#8221;][\/vc_column][\/vc_row][vc_row css=&#8221;.vc_custom_1441005495715{margin-bottom: 80px !important;}&#8221;][vc_column offset=&#8221;vc_col-lg-9 vc_col-md-9&#8243;][vc_column_text]<\/p>\n<h3 class=\"p1\">Pourquoi nous choisir?<\/h3>\n<p>La clinique dentaire Bati Ortodonti a \u00e9t\u00e9 fond\u00e9e en 2012 \u00e0 Istanbul, avec la succursale de Beylikd\u00fcz\u00fc et en 2016 nous avons ouvert notre deuxi\u00e8me succursale \u00e0 Be\u015fikta\u015f - Fulya. Nous nous soucions de l'expertise. C'est pourquoi nous nous effor\u00e7ons de conserver au sein de notre personnel des m\u00e9decins poss\u00e9dant une expertise et une exp\u00e9rience particuli\u00e8res dans toutes les branches de la dentisterie.<\/p>\n<p>Our clinics are accredited as Dental Tourism Clinics. We are proud of having a high qualified dental clinic to provide dental treatments for international patients.[\/vc_column_text][vc_row_inner css=&#8221;.vc_custom_1441003405335{margin-bottom: 0px !important;}&#8221;][vc_column_inner][stm_image_carousel mode=&#8221;horizontal&#8221; images_to_show=&#8221;4&#8243; images_to_show_tablet=&#8221;3&#8243; images_to_show_mobile=&#8221;1&#8243; images=&#8221;1388&#8243; title=&#8221;Certififcates of completion&#8221; title_color=&#8221;#4c4c4c&#8221; css=&#8221;.vc_custom_1581437067150{margin-bottom: 50px !important;padding-top: 50px !important;padding-right: 40px !important;padding-bottom: 60px !important;padding-left: 40px !important;background-color: #f6f6f6 !important;}&#8221;][\/vc_column_inner][\/vc_row_inner][vc_custom_heading text=&#8221;International Patients&#8221; font_container=&#8221;tag:h3|text_align:left|color:%234c4c4c&#8221; use_theme_fonts=&#8221;yes&#8221; css=&#8221;.vc_custom_1579861632589{margin-bottom: 25px !important;}&#8221;][vc_column_text]Get a free quote from our specialists.<\/p>\n<p>La proc\u00e9dure est simple;<\/p>\n<p>1- Vous nous communiquez vos probl\u00e8mes dentaires, si vous avez ajout\u00e9 vos photos et votre radiographie dentaire.<\/p>\n<p>2- Une fois que nous aurons obtenu vos informations, nos m\u00e9decins vous \u00e9valueront dans les 24 heures et vous soumettrons un plan de traitement avec une proposition de prix.<\/p>\n<p>3- Si vous acceptez le plan et la proposition, la date du voyage sera fix\u00e9e.<\/p>\n<p>4- We will ensure that your treatment is done as planned.[\/vc_column_text][vc_custom_heading text=&#8221;Dental Tourism&#8221; font_container=&#8221;tag:h3|text_align:left|color:%234c4c4c&#8221; use_theme_fonts=&#8221;yes&#8221; css=&#8221;.vc_custom_1579861799609{margin-bottom: 25px !important;}&#8221;][vc_column_text]Dental tourists travel for low-cost dental care. There is at least the same quality of treatment you could get in European countries. Travel and see beautiful Istanbul.<\/p>\n<p>Ne vous limitez pas aux seuls fournisseurs de soins dentaires qui se trouvent dans votre voisinage imm\u00e9diat.<\/p>\n<p>Get quality dental care for a huge discount on the price you would pay in your country: 40% to even 80% less.[\/vc_column_text][\/vc_column][vc_column width=&#8221;1\/4&#8243; offset=&#8221;vc_hidden-sm vc_hidden-xs&#8221;][stm_sidebar sidebar=&#8221;700&#8243;][\/vc_column][\/vc_row][vc_row full_width=&#8221;stretch_row&#8221; css=&#8221;.vc_custom_1442990745769{margin-bottom: 0px !important;}&#8221; el_class=&#8221;base_background_color&#8221;][vc_column][vc_cta h2=&#8221;&#8221; h4=&#8221;To see our dental services details&#8221; shape=&#8221;square&#8221; style=&#8221;flat&#8221; color=&#8221;blue&#8221; add_button=&#8221;right&#8221; btn_title=&#8221;Dental Services&#8221; btn_style=&#8221;flat&#8221; btn_shape=&#8221;round&#8221; btn_color=&#8221;white&#8221; btn_link=&#8221;url:https%3A%2F%2Fbatidentalclinic.com%2Fservice%2F|||&#8221;][\/vc_cta][\/vc_column][\/vc_row]<\/p>","protected":false},"excerpt":{"rendered":"<p>[vc_row css=&#8221;.vc_custom_1441619155187{margin-bottom: 50px !important;}&#8221;][vc_column offset=&#8221;vc_hidden-xs&#8221;][rev_slider_vc alias=&#8221;about_us&#8221;][\/vc_column][\/vc_row][vc_row css=&#8221;.vc_custom_1441005495715{margin-bottom: 80px !important;}&#8221;][vc_column offset=&#8221;vc_col-lg-9 vc_col-md-9&#8243;][vc_column_text] Why Choose Us? Bati Ortodonti Dental Clinic was founded in 2012 in Istanbul, with Beylikd\u00fcz\u00fc branch and in 2016 we opened our second branch in Be\u015fikta\u015f &#8211; Fulya. We care about expertise. Therefore, we strive to keep physicians with special expertise and experience in&#8230;<\/p>","protected":false},"author":1,"featured_media":0,"parent":0,"menu_order":0,"comment_status":"closed","ping_status":"closed","template":"","meta":{"_monsterinsights_skip_tracking":false,"_monsterinsights_sitenote_active":false,"_monsterinsights_sitenote_note":"","_monsterinsights_sitenote_category":0},"yoast_head":"<!-- This site is optimized with the Yoast SEO plugin v20.12 - https:\/\/yoast.com\/wordpress\/plugins\/seo\/ -->\n<title>About Us - Bat\u0131 Dental Clinic<\/title>\n<meta name=\"robots\" content=\"index, follow, max-snippet:-1, max-image-preview:large, max-video-preview:-1\" \/>\n<link rel=\"canonical\" href=\"https:\/\/batidentalclinic.com\/fr\/about-us\/\" \/>\n<meta property=\"og:locale\" content=\"fr_FR\" \/>\n<meta property=\"og:type\" content=\"article\" \/>\n<meta property=\"og:title\" content=\"About Us - Bat\u0131 Dental Clinic\" \/>\n<meta property=\"og:description\" content=\"[vc_row css=&#8221;.vc_custom_1441619155187{margin-bottom: 50px !important;}&#8221;][vc_column offset=&#8221;vc_hidden-xs&#8221;][rev_slider_vc alias=&#8221;about_us&#8221;][\/vc_column][\/vc_row][vc_row css=&#8221;.vc_custom_1441005495715{margin-bottom: 80px !important;}&#8221;][vc_column offset=&#8221;vc_col-lg-9 vc_col-md-9&#8243;][vc_column_text] Why Choose Us? Bati Ortodonti Dental Clinic was founded in 2012 in Istanbul, with Beylikd\u00fcz\u00fc branch and in 2016 we opened our second branch in Be\u015fikta\u015f &#8211; Fulya. We care about expertise. Therefore, we strive to keep physicians with special expertise and experience in...\" \/>\n<meta property=\"og:url\" content=\"https:\/\/batidentalclinic.com\/fr\/about-us\/\" \/>\n<meta property=\"og:site_name\" content=\"Bat\u0131 Dental Clinic\" \/>\n<meta property=\"article:modified_time\" content=\"2020-02-11T16:04:28+00:00\" \/>\n<meta name=\"twitter:card\" content=\"summary_large_image\" \/>\n<meta name=\"twitter:label1\" content=\"Dur\u00e9e de lecture estim\u00e9e\" \/>\n\t<meta name=\"twitter:data1\" content=\"2 minutes\" \/>\n<script type=\"application\/ld+json\" class=\"yoast-schema-graph\">{\"@context\":\"https:\/\/schema.org\",\"@graph\":[{\"@type\":\"WebPage\",\"@id\":\"https:\/\/batidentalclinic.com\/about-us\/\",\"url\":\"https:\/\/batidentalclinic.com\/about-us\/\",\"name\":\"About Us - Bat\u0131 Dental Clinic\",\"isPartOf\":{\"@id\":\"https:\/\/batidentalclinic.com\/#website\"},\"datePublished\":\"2015-08-13T04:56:24+00:00\",\"dateModified\":\"2020-02-11T16:04:28+00:00\",\"breadcrumb\":{\"@id\":\"https:\/\/batidentalclinic.com\/about-us\/#breadcrumb\"},\"inLanguage\":\"fr-FR\",\"potentialAction\":[{\"@type\":\"ReadAction\",\"target\":[\"https:\/\/batidentalclinic.com\/about-us\/\"]}]},{\"@type\":\"BreadcrumbList\",\"@id\":\"https:\/\/batidentalclinic.com\/about-us\/#breadcrumb\",\"itemListElement\":[{\"@type\":\"ListItem\",\"position\":1,\"name\":\"Home\",\"item\":\"https:\/\/batidentalclinic.com\/\"},{\"@type\":\"ListItem\",\"position\":2,\"name\":\"About Us\"}]},{\"@type\":\"WebSite\",\"@id\":\"https:\/\/batidentalclinic.com\/#website\",\"url\":\"https:\/\/batidentalclinic.com\/\",\"name\":\"Bat\u0131 Dental Clinic\",\"description\":\"We care about your health and aesthetic satisfaction\",\"potentialAction\":[{\"@type\":\"SearchAction\",\"target\":{\"@type\":\"EntryPoint\",\"urlTemplate\":\"https:\/\/batidentalclinic.com\/?s={search_term_string}\"},\"query-input\":\"required name=search_term_string\"}],\"inLanguage\":\"fr-FR\"}]}<\/script>\n<!-- \/ Yoast SEO plugin. -->","yoast_head_json":{"title":"About Us - Bat\u0131 Dental Clinic","robots":{"index":"index","follow":"follow","max-snippet":"max-snippet:-1","max-image-preview":"max-image-preview:large","max-video-preview":"max-video-preview:-1"},"canonical":"https:\/\/batidentalclinic.com\/fr\/about-us\/","og_locale":"fr_FR","og_type":"article","og_title":"About Us - Bat\u0131 Dental Clinic","og_description":"[vc_row css=&#8221;.vc_custom_1441619155187{margin-bottom: 50px !important;}&#8221;][vc_column offset=&#8221;vc_hidden-xs&#8221;][rev_slider_vc alias=&#8221;about_us&#8221;][\/vc_column][\/vc_row][vc_row css=&#8221;.vc_custom_1441005495715{margin-bottom: 80px !important;}&#8221;][vc_column offset=&#8221;vc_col-lg-9 vc_col-md-9&#8243;][vc_column_text] Why Choose Us? Bati Ortodonti Dental Clinic was founded in 2012 in Istanbul, with Beylikd\u00fcz\u00fc branch and in 2016 we opened our second branch in Be\u015fikta\u015f &#8211; Fulya. We care about expertise. Therefore, we strive to keep physicians with special expertise and experience in...","og_url":"https:\/\/batidentalclinic.com\/fr\/about-us\/","og_site_name":"Bat\u0131 Dental Clinic","article_modified_time":"2020-02-11T16:04:28+00:00","twitter_card":"summary_large_image","twitter_misc":{"Dur\u00e9e de lecture estim\u00e9e":"2 minutes"},"schema":{"@context":"https:\/\/schema.org","@graph":[{"@type":"WebPage","@id":"https:\/\/batidentalclinic.com\/about-us\/","url":"https:\/\/batidentalclinic.com\/about-us\/","name":"About Us - Bat\u0131 Dental Clinic","isPartOf":{"@id":"https:\/\/batidentalclinic.com\/#website"},"datePublished":"2015-08-13T04:56:24+00:00","dateModified":"2020-02-11T16:04:28+00:00","breadcrumb":{"@id":"https:\/\/batidentalclinic.com\/about-us\/#breadcrumb"},"inLanguage":"fr-FR","potentialAction":[{"@type":"ReadAction","target":["https:\/\/batidentalclinic.com\/about-us\/"]}]},{"@type":"BreadcrumbList","@id":"https:\/\/batidentalclinic.com\/about-us\/#breadcrumb","itemListElement":[{"@type":"ListItem","position":1,"name":"Home","item":"https:\/\/batidentalclinic.com\/"},{"@type":"ListItem","position":2,"name":"About Us"}]},{"@type":"WebSite","@id":"https:\/\/batidentalclinic.com\/#website","url":"https:\/\/batidentalclinic.com\/","name":"Bat\u0131 Dental Clinic","description":"We care about your health and aesthetic satisfaction","potentialAction":[{"@type":"SearchAction","target":{"@type":"EntryPoint","urlTemplate":"https:\/\/batidentalclinic.com\/?s={search_term_string}"},"query-input":"required name=search_term_string"}],"inLanguage":"fr-FR"}]}},"_links":{"self":[{"href":"https:\/\/batidentalclinic.com\/fr\/wp-json\/wp\/v2\/pages\/25"}],"collection":[{"href":"https:\/\/batidentalclinic.com\/fr\/wp-json\/wp\/v2\/pages"}],"about":[{"href":"https:\/\/batidentalclinic.com\/fr\/wp-json\/wp\/v2\/types\/page"}],"author":[{"embeddable":true,"href":"https:\/\/batidentalclinic.com\/fr\/wp-json\/wp\/v2\/users\/1"}],"replies":[{"embeddable":true,"href":"https:\/\/batidentalclinic.com\/fr\/wp-json\/wp\/v2\/comments?post=25"}],"version-history":[{"count":4,"href":"https:\/\/batidentalclinic.com\/fr\/wp-json\/wp\/v2\/pages\/25\/revisions"}],"predecessor-version":[{"id":1537,"href":"https:\/\/batidentalclinic.com\/fr\/wp-json\/wp\/v2\/pages\/25\/revisions\/1537"}],"wp:attachment":[{"href":"https:\/\/batidentalclinic.com\/fr\/wp-json\/wp\/v2\/media?parent=25"}],"curies":[{"name":"wp","href":"https:\/\/api.w.org\/{rel}","templated":true}]}}